{"id":2357,"date":"2025-03-10T06:00:38","date_gmt":"2025-03-10T06:00:38","guid":{"rendered":"https:\/\/brasa.fi\/brasan-aitienpaiva-8-5-2022\/"},"modified":"2026-04-02T17:11:27","modified_gmt":"2026-04-02T17:11:27","slug":"mothers-day-lunch","status":"publish","type":"page","link":"https:\/\/brasa.fi\/en\/mothers-day-lunch\/","title":{"rendered":"Mother\u2019s Day lunch"},"content":{"rendered":"<p><div class=\"fusion-fullwidth fullwidth-box fusion-builder-row-1 fusion-flex-container has-pattern-background has-mask-background nonhundred-percent-fullwidth non-hundred-percent-height-scrolling\" style=\"--awb-border-radius-top-left:0px;--awb-border-radius-top-right:0px;--awb-border-radius-bottom-right:0px;--awb-border-radius-bottom-left:0px;--awb-flex-wrap:wrap;\" ><div class=\"fusion-builder-row fusion-row fusion-flex-align-items-flex-start fusion-flex-content-wrap\" style=\"max-width:calc( 1320px + 0px );margin-left: calc(-0px \/ 2 );margin-right: calc(-0px \/ 2 );\"><div class=\"fusion-layout-column fusion_builder_column fusion-builder-column-0 fusion_builder_column_1_1 1_1 fusion-flex-column\" style=\"--awb-padding-top:20%;--awb-padding-bottom:20%;--awb-bg-image:url(&#039;https:\/\/brasa.fi\/ravintola\/wp-content\/uploads\/2025\/03\/hamachi.webp&#039;);--awb-bg-position:center center;--awb-bg-size:cover;--awb-width-large:100%;--awb-margin-top-large:0px;--awb-spacing-right-large:0px;--awb-margin-bottom-large:0px;--awb-spacing-left-large:0px;--awb-width-medium:100%;--awb-order-medium:0;--awb-spacing-right-medium:0px;--awb-spacing-left-medium:0px;--awb-width-small:100%;--awb-order-small:0;--awb-spacing-right-small:0px;--awb-spacing-left-small:0px;\" data-scroll-devices=\"small-visibility,medium-visibility,large-visibility\"><div class=\"fusion-column-wrapper fusion-column-has-shadow fusion-flex-justify-content-flex-start fusion-content-layout-column fusion-column-has-bg-image\" data-bg-url=\"https:\/\/brasa.fi\/ravintola\/wp-content\/uploads\/2025\/03\/hamachi.webp\"><div class=\"fusion-title title fusion-title-1 fusion-sep-none fusion-title-center fusion-title-text fusion-title-size-one\" style=\"--awb-text-color:var(--awb-color3);--awb-margin-top-small:10px;--awb-margin-right-small:0px;--awb-margin-bottom-small:10px;--awb-margin-left-small:0px;--awb-font-size:48px;\"><h1 class=\"fusion-title-heading title-heading-center fusion-responsive-typography-calculated\" style=\"margin:0;font-size:1em;--fontSize:48;line-height:var(--awb-typography1-line-height);text-shadow:1px 1px 0px var(--awb-color8);\">BRASA\u2019S MOTHER\u2019S DAY<\/h1><\/div><\/div><\/div><\/div><\/div><div class=\"fusion-fullwidth fullwidth-box fusion-builder-row-2 fusion-flex-container nonhundred-percent-fullwidth non-hundred-percent-height-scrolling\" style=\"--awb-border-radius-top-left:0px;--awb-border-radius-top-right:0px;--awb-border-radius-bottom-right:0px;--awb-border-radius-bottom-left:0px;--awb-background-color:#ffffff;--awb-flex-wrap:wrap;\" ><div class=\"fusion-builder-row fusion-row fusion-flex-align-items-flex-start fusion-flex-content-wrap\" style=\"max-width:calc( 1320px + 0px );margin-left: calc(-0px \/ 2 );margin-right: calc(-0px \/ 2 );\"><div class=\"fusion-layout-column fusion_builder_column fusion-builder-column-1 fusion_builder_column_1_2 1_2 fusion-flex-column\" style=\"--awb-padding-top:8%;--awb-padding-right:16%;--awb-padding-bottom:8%;--awb-padding-left:16%;--awb-padding-right-small:8%;--awb-padding-left-small:8%;--awb-bg-color:#ffffff;--awb-bg-color-hover:#ffffff;--awb-bg-size:cover;--awb-width-large:50%;--awb-margin-top-large:0px;--awb-spacing-right-large:0px;--awb-margin-bottom-large:0px;--awb-spacing-left-large:0px;--awb-width-medium:50%;--awb-order-medium:0;--awb-spacing-right-medium:0px;--awb-spacing-left-medium:0px;--awb-width-small:100%;--awb-order-small:0;--awb-spacing-right-small:0px;--awb-spacing-left-small:0px;\" data-scroll-devices=\"small-visibility,medium-visibility,large-visibility\"><div class=\"fusion-column-wrapper fusion-column-has-shadow fusion-flex-justify-content-flex-start fusion-content-layout-column\"><div class=\"fusion-text fusion-text-1\" style=\"--awb-text-transform:none;\"><h1><strong>Only the best for mum \u2013 brasa\u2019s mother\u2019s day lunch on 10 may.<\/strong><\/h1>\n<p>Mother\u2019s Day is the perfect reason to kick off the grill season in a slightly more spectacular way, right in the heart of Senate Square. We cook fish, vegetables and meat over an open flame until they are irresistibly delicious \u2013 and all you need to do is enjoy.<\/p>\n<p>Treat Mum to nothing but the best and book your table soon!<\/p>\n<\/div><div ><a class=\"fusion-button button-flat button-xlarge button-default fusion-button-default button-1 fusion-button-span-yes fusion-button-default-type\" style=\"--button_text_transform:uppercase;\" target=\"_blank\" rel=\"noopener noreferrer\" href=\"https:\/\/book.dinnerbooking.com\/fi\/en-US\/book\/table\/pax\/3206\/2\"><span class=\"fusion-button-text awb-button__text awb-button__text--default\">Book a table<\/span><\/a><\/div><\/div><\/div><div class=\"fusion-layout-column fusion_builder_column fusion-builder-column-2 fusion_builder_column_1_2 1_2 fusion-flex-column\" style=\"--awb-padding-top:8%;--awb-padding-right:8%;--awb-padding-bottom:8%;--awb-padding-left:8%;--awb-bg-position:center center;--awb-bg-size:cover;--awb-width-large:50%;--awb-margin-top-large:0px;--awb-spacing-right-large:0px;--awb-margin-bottom-large:0px;--awb-spacing-left-large:0px;--awb-width-medium:50%;--awb-order-medium:0;--awb-spacing-right-medium:0px;--awb-spacing-left-medium:0px;--awb-width-small:100%;--awb-order-small:0;--awb-spacing-right-small:0px;--awb-spacing-left-small:0px;\" data-scroll-devices=\"small-visibility,medium-visibility,large-visibility\"><div class=\"fusion-column-wrapper fusion-column-has-shadow fusion-flex-justify-content-flex-start fusion-content-layout-column\"><div class=\"fusion-text fusion-text-2\" style=\"--awb-text-transform:none;\"><h4><strong>BRASA\u2019S MOTHER\u2019S DAY<br \/>\nMenu 49\u20ac<br \/>\nWines for the menu 3 &#8211; 39\u20ac | 4 &#8211; 49\u20ac<br \/>\n<\/strong><\/h4>\n<p style=\"margin-top: -24px;\"><em>There will be two covers; from 11.30 am to 2 pm and from 3 pm to 6 pm<\/em><\/p>\n<p>Whitefish sashimi | White currant | Gooseberry<\/p>\n<p><strong>Additional dishes for the menu +14\u20ac<\/strong><br \/>\nBeef tartare | Fermented black pepper | Onion<\/p>\n<p>Grilled Pike Perch | Ramson | Koji beurre blanc sauce<br \/>\nPotatoes | Katsuobushi | Spinach<br \/>\n<em>&#8212; OR &#8212;\u00a0<\/em><br \/>\nWhite asparagus risotto | Grilled asparagus | peas<\/p>\n<p>Chocolate-champagne ganache | Fresh Strawberries | Sansho pepper<\/p>\n<\/div><\/div><\/div><\/div><\/div><\/p>\n","protected":false},"excerpt":{"rendered":"","protected":false},"author":1,"featured_media":0,"parent":0,"menu_order":0,"comment_status":"closed","ping_status":"closed","template":"","meta":{"footnotes":""},"class_list":["post-2357","page","type-page","status-publish","hentry"],"yoast_head":"<!-- This site is optimized with the Yoast SEO plugin v27.3 - https:\/\/yoast.com\/product\/yoast-seo-wordpress\/ -->\n<title>Mother\u2019s Day lunch - Brasa Ravintola<\/title>\n<meta name=\"description\" content=\"Mother\u2019s Day lunch at Brasa 10.5. \u2013 Only the best for her. Come and cap off a little more glamorous season in the heart of the Senate Square!\" \/>\n<meta name=\"robots\" content=\"index, follow, max-snippet:-1, max-image-preview:large, max-video-preview:-1\" \/>\n<link rel=\"canonical\" href=\"https:\/\/brasa.fi\/en\/mothers-day-lunch\/\" \/>\n<meta property=\"og:locale\" content=\"en_US\" \/>\n<meta property=\"og:type\" content=\"article\" \/>\n<meta property=\"og:title\" content=\"Mother\u2019s Day lunch - Brasa Ravintola\" \/>\n<meta property=\"og:description\" content=\"Mother\u2019s Day lunch at Brasa 10.5. \u2013 Only the best for her. Come and cap off a little more glamorous season in the heart of the Senate Square!\" \/>\n<meta property=\"og:url\" content=\"https:\/\/brasa.fi\/en\/mothers-day-lunch\/\" \/>\n<meta property=\"og:site_name\" content=\"Brasa Ravintola\" \/>\n<meta property=\"article:publisher\" content=\"https:\/\/www.facebook.com\/brasahelsinki\" \/>\n<meta property=\"article:modified_time\" content=\"2026-04-02T17:11:27+00:00\" \/>\n<meta property=\"og:image\" content=\"https:\/\/brasa.fi\/ravintola\/wp-content\/uploads\/2024\/05\/tilamme.webp\" \/>\n\t<meta property=\"og:image:width\" content=\"1366\" \/>\n\t<meta property=\"og:image:height\" content=\"568\" \/>\n\t<meta property=\"og:image:type\" content=\"image\/webp\" \/>\n<meta name=\"twitter:card\" content=\"summary_large_image\" \/>\n<meta name=\"twitter:label1\" content=\"Est. reading time\" \/>\n\t<meta name=\"twitter:data1\" content=\"1 minute\" \/>\n<script type=\"application\/ld+json\" class=\"yoast-schema-graph\">{\"@context\":\"https:\\\/\\\/schema.org\",\"@graph\":[{\"@type\":\"WebPage\",\"@id\":\"https:\\\/\\\/brasa.fi\\\/en\\\/mothers-day-lunch\\\/\",\"url\":\"https:\\\/\\\/brasa.fi\\\/en\\\/mothers-day-lunch\\\/\",\"name\":\"Mother\u2019s Day lunch - Brasa Ravintola\",\"isPartOf\":{\"@id\":\"https:\\\/\\\/brasa.fi\\\/en\\\/#website\"},\"datePublished\":\"2025-03-10T06:00:38+00:00\",\"dateModified\":\"2026-04-02T17:11:27+00:00\",\"description\":\"Mother\u2019s Day lunch at Brasa 10.5. \u2013 Only the best for her. Come and cap off a little more glamorous season in the heart of the Senate Square!\",\"breadcrumb\":{\"@id\":\"https:\\\/\\\/brasa.fi\\\/en\\\/mothers-day-lunch\\\/#breadcrumb\"},\"inLanguage\":\"en-US\",\"potentialAction\":[{\"@type\":\"ReadAction\",\"target\":[\"https:\\\/\\\/brasa.fi\\\/en\\\/mothers-day-lunch\\\/\"]}]},{\"@type\":\"BreadcrumbList\",\"@id\":\"https:\\\/\\\/brasa.fi\\\/en\\\/mothers-day-lunch\\\/#breadcrumb\",\"itemListElement\":[{\"@type\":\"ListItem\",\"position\":1,\"name\":\"Home\",\"item\":\"https:\\\/\\\/brasa.fi\\\/en\\\/\"},{\"@type\":\"ListItem\",\"position\":2,\"name\":\"Mother\u2019s Day lunch\"}]},{\"@type\":\"WebSite\",\"@id\":\"https:\\\/\\\/brasa.fi\\\/en\\\/#website\",\"url\":\"https:\\\/\\\/brasa.fi\\\/en\\\/\",\"name\":\"Brasa Ravintola\",\"description\":\"Meill\u00e4 leikit\u00e4\u00e4n tulella!\",\"publisher\":{\"@id\":\"https:\\\/\\\/brasa.fi\\\/en\\\/#organization\"},\"alternateName\":\"Brasa\",\"potentialAction\":[{\"@type\":\"SearchAction\",\"target\":{\"@type\":\"EntryPoint\",\"urlTemplate\":\"https:\\\/\\\/brasa.fi\\\/en\\\/?s={search_term_string}\"},\"query-input\":{\"@type\":\"PropertyValueSpecification\",\"valueRequired\":true,\"valueName\":\"search_term_string\"}}],\"inLanguage\":\"en-US\"},{\"@type\":\"Organization\",\"@id\":\"https:\\\/\\\/brasa.fi\\\/en\\\/#organization\",\"name\":\"Brasa Ravintola\",\"alternateName\":\"Brasa\",\"url\":\"https:\\\/\\\/brasa.fi\\\/en\\\/\",\"logo\":{\"@type\":\"ImageObject\",\"inLanguage\":\"en-US\",\"@id\":\"https:\\\/\\\/brasa.fi\\\/en\\\/#\\\/schema\\\/logo\\\/image\\\/\",\"url\":\"https:\\\/\\\/brasa.fi\\\/ravintola\\\/wp-content\\\/uploads\\\/2022\\\/02\\\/Brasa-logo-login.png\",\"contentUrl\":\"https:\\\/\\\/brasa.fi\\\/ravintola\\\/wp-content\\\/uploads\\\/2022\\\/02\\\/Brasa-logo-login.png\",\"width\":400,\"height\":53,\"caption\":\"Brasa Ravintola\"},\"image\":{\"@id\":\"https:\\\/\\\/brasa.fi\\\/en\\\/#\\\/schema\\\/logo\\\/image\\\/\"},\"sameAs\":[\"https:\\\/\\\/www.facebook.com\\\/brasahelsinki\",\"https:\\\/\\\/www.instagram.com\\\/restaurantbrasa\\\/\"]}]}<\/script>\n<!-- \/ Yoast SEO plugin. -->","yoast_head_json":{"title":"Mother\u2019s Day lunch - Brasa Ravintola","description":"Mother\u2019s Day lunch at Brasa 10.5. \u2013 Only the best for her. Come and cap off a little more glamorous season in the heart of the Senate Square!","robots":{"index":"index","follow":"follow","max-snippet":"max-snippet:-1","max-image-preview":"max-image-preview:large","max-video-preview":"max-video-preview:-1"},"canonical":"https:\/\/brasa.fi\/en\/mothers-day-lunch\/","og_locale":"en_US","og_type":"article","og_title":"Mother\u2019s Day lunch - Brasa Ravintola","og_description":"Mother\u2019s Day lunch at Brasa 10.5. \u2013 Only the best for her. Come and cap off a little more glamorous season in the heart of the Senate Square!","og_url":"https:\/\/brasa.fi\/en\/mothers-day-lunch\/","og_site_name":"Brasa Ravintola","article_publisher":"https:\/\/www.facebook.com\/brasahelsinki","article_modified_time":"2026-04-02T17:11:27+00:00","og_image":[{"width":1366,"height":568,"url":"https:\/\/brasa.fi\/ravintola\/wp-content\/uploads\/2024\/05\/tilamme.webp","type":"image\/webp"}],"twitter_card":"summary_large_image","twitter_misc":{"Est. reading time":"1 minute"},"schema":{"@context":"https:\/\/schema.org","@graph":[{"@type":"WebPage","@id":"https:\/\/brasa.fi\/en\/mothers-day-lunch\/","url":"https:\/\/brasa.fi\/en\/mothers-day-lunch\/","name":"Mother\u2019s Day lunch - Brasa Ravintola","isPartOf":{"@id":"https:\/\/brasa.fi\/en\/#website"},"datePublished":"2025-03-10T06:00:38+00:00","dateModified":"2026-04-02T17:11:27+00:00","description":"Mother\u2019s Day lunch at Brasa 10.5. \u2013 Only the best for her. Come and cap off a little more glamorous season in the heart of the Senate Square!","breadcrumb":{"@id":"https:\/\/brasa.fi\/en\/mothers-day-lunch\/#breadcrumb"},"inLanguage":"en-US","potentialAction":[{"@type":"ReadAction","target":["https:\/\/brasa.fi\/en\/mothers-day-lunch\/"]}]},{"@type":"BreadcrumbList","@id":"https:\/\/brasa.fi\/en\/mothers-day-lunch\/#breadcrumb","itemListElement":[{"@type":"ListItem","position":1,"name":"Home","item":"https:\/\/brasa.fi\/en\/"},{"@type":"ListItem","position":2,"name":"Mother\u2019s Day lunch"}]},{"@type":"WebSite","@id":"https:\/\/brasa.fi\/en\/#website","url":"https:\/\/brasa.fi\/en\/","name":"Brasa Ravintola","description":"Meill\u00e4 leikit\u00e4\u00e4n tulella!","publisher":{"@id":"https:\/\/brasa.fi\/en\/#organization"},"alternateName":"Brasa","potentialAction":[{"@type":"SearchAction","target":{"@type":"EntryPoint","urlTemplate":"https:\/\/brasa.fi\/en\/?s={search_term_string}"},"query-input":{"@type":"PropertyValueSpecification","valueRequired":true,"valueName":"search_term_string"}}],"inLanguage":"en-US"},{"@type":"Organization","@id":"https:\/\/brasa.fi\/en\/#organization","name":"Brasa Ravintola","alternateName":"Brasa","url":"https:\/\/brasa.fi\/en\/","logo":{"@type":"ImageObject","inLanguage":"en-US","@id":"https:\/\/brasa.fi\/en\/#\/schema\/logo\/image\/","url":"https:\/\/brasa.fi\/ravintola\/wp-content\/uploads\/2022\/02\/Brasa-logo-login.png","contentUrl":"https:\/\/brasa.fi\/ravintola\/wp-content\/uploads\/2022\/02\/Brasa-logo-login.png","width":400,"height":53,"caption":"Brasa Ravintola"},"image":{"@id":"https:\/\/brasa.fi\/en\/#\/schema\/logo\/image\/"},"sameAs":["https:\/\/www.facebook.com\/brasahelsinki","https:\/\/www.instagram.com\/restaurantbrasa\/"]}]}},"_links":{"self":[{"href":"https:\/\/brasa.fi\/en\/wp-json\/wp\/v2\/pages\/2357","targetHints":{"allow":["GET"]}}],"collection":[{"href":"https:\/\/brasa.fi\/en\/wp-json\/wp\/v2\/pages"}],"about":[{"href":"https:\/\/brasa.fi\/en\/wp-json\/wp\/v2\/types\/page"}],"author":[{"embeddable":true,"href":"https:\/\/brasa.fi\/en\/wp-json\/wp\/v2\/users\/1"}],"replies":[{"embeddable":true,"href":"https:\/\/brasa.fi\/en\/wp-json\/wp\/v2\/comments?post=2357"}],"version-history":[{"count":10,"href":"https:\/\/brasa.fi\/en\/wp-json\/wp\/v2\/pages\/2357\/revisions"}],"predecessor-version":[{"id":5376,"href":"https:\/\/brasa.fi\/en\/wp-json\/wp\/v2\/pages\/2357\/revisions\/5376"}],"wp:attachment":[{"href":"https:\/\/brasa.fi\/en\/wp-json\/wp\/v2\/media?parent=2357"}],"curies":[{"name":"wp","href":"https:\/\/api.w.org\/{rel}","templated":true}]}}